{"id":1865,"date":"2016-10-03T08:59:08","date_gmt":"2016-10-03T08:59:08","guid":{"rendered":"http:\/\/shuffle.edge-themes.com\/?page_id=1865"},"modified":"2021-06-16T08:01:41","modified_gmt":"2021-06-16T08:01:41","slug":"o-meni","status":"publish","type":"page","link":"https:\/\/miha-eric-art.com\/fine-art\/o-meni\/","title":{"rendered":"O meni"},"content":{"rendered":"<p>[vc_row row_type=&#8221;parallax&#8221; content_width=&#8221;grid&#8221; content_aligment=&#8221;center&#8221; full_screen_section_height=&#8221;yes&#8221; vertically_align_content_in_middle=&#8221;yes&#8221; parallax_background_image=&#8221;4947&#8243;][vc_column]<a href=\"https:\/\/miha-eric-art.com\/fine-art\/miha-eric-novice\/\" target=\"_self\"  class=\"edgtf-btn edgtf-btn-medium edgtf-btn-solid\"  >\n    <span class=\"edgtf-btn-text\">Zadnje Novice<\/span>\n    <\/a>[\/vc_column][\/vc_row][vc_row][vc_column]<div class=\"edgtf-elements-holder edgtf-two-columns edgtf-responsive-mode-1024\" ><div class=\"edgtf-elements-holder-item \" data-item-class=\"edgtf-elements-holder-custom-874899\" data-1280-1440=\"13% 14% 14% 12.5%\" data-1024-1280=\"13% 9% 19% 7.5%\" data-768-1024=\"13% 9% 6% 8%\" data-600-768=\"12.8% 13% 0% 11.5%\" data-480-600=\"12.8% 13% 0% 11.5%\" data-480=\"10% 13% 21% 11%\" >\n\t<div class=\"edgtf-elements-holder-item-inner\">\n\t\t<div class=\"edgtf-elements-holder-item-content edgtf-elements-holder-custom-874899\" style=\"padding: 12.8% 8% 14% 31.5%\">\n\t\t\t[vc_column_text]<\/p>\n<h3><span style=\"color: #ffffff;\">MAGI\u010cNE DIMENZIJE GRAFIK MIHE ERI\u010cA<\/span><\/h3>\n<p>[\/vc_column_text][vc_empty_space height=&#8221;6px&#8221;]\n<p class=\"edgtf-section-subtitle\" style=\"text-align:left;color:#e6e6e6\">\n\t<\/p>[vc_empty_space height=&#8221;15px&#8221;][vc_column_text]<span style=\"color: #ffffff;\">Avtor teksta prof. dr. Darko Slavec<\/span><\/p>\n<p><span style=\"color: #ffffff;\"><br \/>\n<\/span><span style=\"color: #ffffff;\">Miha Eri\u010d je vsestransko nadarjeni mladi ustvarjalec \u2013 umetnik, tako na podro\u010dju likovne umetnosti, kot tudi glasbe. Kot ustvarjalec je \u0161e posebno aktiven na likovnem podro\u010dju, kar dokazujejo njegova \u0161tevilna grafi\u010dna dela, samostojne razstave in sodelovanje pri \u0161tevilnih dr\u017eavnih in mednarodnih projektih.<\/span><\/p>\n<p><span style=\"color: #ffffff;\">Miha Eri\u010d realizira svoje izvirne likovne ideje v tradicionalnih grafi\u010dnih tehnikah lesoreza, linoreza in bakroreza. V zadnjem \u010dasu posamezne maloserijske grafi\u010dne liste tudi grafi\u010dno obarva v obliki koloriranega lesoreza, linoreza ali bakroreza in jim tako doda pridih originala in svojevrstne barvitosti, vnesene v \u010drno belo grafi\u010dno osnovo.\u00a0<\/span>[\/vc_column_text]\t\t<\/div>\n\t<\/div>\n<\/div><div class=\"edgtf-elements-holder-item \" data-item-class=\"edgtf-elements-holder-custom-110963\" data-1280-1440=\"17% 7% 18% 0%\" data-1024-1280=\"13% 4% 12% 0%\" data-768-1024=\"0% 6% 12% 8%\" data-600-768=\"7% 13% 17% 11%\" data-480-600=\"7% 13% 17% 11%\" data-480=\"10% 13% 21% 11%\" >\n\t<div class=\"edgtf-elements-holder-item-inner\">\n\t\t<div class=\"edgtf-elements-holder-item-content edgtf-elements-holder-custom-110963\" style=\"padding: 13% 32% 12% 0%\">\n\t\t\t[vc_single_image image=&#8221;4981&#8243; img_size=&#8221;full&#8221;]\t\t<\/div>\n\t<\/div>\n<\/div><\/div>[\/vc_column][\/vc_row][vc_row][vc_column]<div class=\"edgtf-elements-holder edgtf-two-columns-grid-33-66 edgtf-responsive-mode-1024\" ><div class=\"edgtf-elements-holder-item \" data-item-class=\"edgtf-elements-holder-custom-496205\" data-1280-1440=\"8% 0% 25% 18.5%\" data-1024-1280=\"8% 0% 25% 11.5%\" data-768-1024=\"3% 6% 6% 8.5%\" data-600-768=\"0% 13% 4% 11%\" data-480-600=\"0% 13% 4% 11%\" data-480=\"0% 12% 14% 12%\" >\n\t<div class=\"edgtf-elements-holder-item-inner\">\n\t\t<div class=\"edgtf-elements-holder-item-content edgtf-elements-holder-custom-496205\" style=\"padding: 0% 0% 14% 47%\">\n\t\t\t[vc_single_image image=&#8221;5021&#8243; img_size=&#8221;full&#8221;]\t\t<\/div>\n\t<\/div>\n<\/div><div class=\"edgtf-elements-holder-item \" data-item-class=\"edgtf-elements-holder-custom-961239\" data-1280-1440=\"0% 15% 10% 11%\" data-1024-1280=\"0% 15% 10% 11%\" data-768-1024=\"0% 15% 13% 8.5%\" data-600-768=\"2% 13% 14% 11%\" data-480-600=\"2% 13% 14% 11%\" data-480=\"2% 7% 20% 11%\" >\n\t<div class=\"edgtf-elements-holder-item-inner\">\n\t\t<div class=\"edgtf-elements-holder-item-content edgtf-elements-holder-custom-961239\" style=\"padding: 2% 29% 10% 11%\">\n\t\t\t[vc_column_text]<\/p>\n<h3><span style=\"color: #ffffff;\">&#8230; prepustiti se domi\u0161ljiji, improvizaciji in neposrednosti je umetnost sama na sebi &#8230;<br \/>\n<\/span><\/h3>\n<p>[\/vc_column_text][vc_empty_space height=&#8221;15px&#8221;][vc_column_text]<span style=\"color: #ffffff;\">Avtor se pri svojem ustvarjanju prepu\u0161\u010da domi\u0161ljiji, improvizaciji in neposrednosti, ko ustvarja idili\u010dni svet narativnih, v\u010dasih nadrealisti\u010dno ekspresivnih in imaginarnih podob, z \u017eeljo po doseganju vsestranske likovno izpovedne popolnosti. V njegovih grafikah se velikokrat pojavljajo \u010drtne modelacije, ki \u017eivo definirajo ritmi\u010dno vznemirjene povr\u0161ine posameznih regij in ki neprestano vibrirajo in polnijo grafi\u010dni list z nemirnostjo, temperamentom in vzporednostjo kot na\u010dinom dolo\u010danja reda.<\/span><\/p>\n<p><span style=\"color: #ffffff;\">Pri likovnem ustvarjanju uporablja minimalisti\u010dni izraz, omenjeno inventivno \u010drtno grafi\u010dno igrivost in pozornost na drobne akcente. Ukvarjanje z grafiko mu daje vzpodbudo konstruktivnega likovnega oblikovanja in mu nudi mo\u017enost realizacije posameznih konkretnih idej, izhajajo\u010dih iz njegove svetovno nazorske usmerjenosti in mi\u0161ljenja. To mu tudi omogo\u010da razvoj senzorne in likovne ob\u010dutljivosti, predvsem pa osebni, duhovni in obetavni umetni\u0161ki razvoj.<\/span>[\/vc_column_text]\t\t<\/div>\n\t<\/div>\n<\/div><\/div>[\/vc_column][\/vc_row][vc_row][vc_column]<div class=\"edgtf-elements-holder edgtf-two-columns-grid-66-33 edgtf-responsive-mode-1024\" ><div class=\"edgtf-elements-holder-item \" data-item-class=\"edgtf-elements-holder-custom-717164\" data-1280-1440=\"7% 13% 15% 9.5%\" data-1024-1280=\"7% 13% 15% 6.5%\" data-768-1024=\"0% 13% 7% 8.5%\" data-600-768=\"0% 13% 7% 11%\" data-480-600=\"0% 13% 7% 11%\" data-480=\"2% 12% 20% 11%\" >\n\t<div class=\"edgtf-elements-holder-item-inner\">\n\t\t<div class=\"edgtf-elements-holder-item-content edgtf-elements-holder-custom-717164\" style=\"padding: 7% 13% 15% 23.5%\">\n\t\t\t[vc_column_text]<\/p>\n<h3><span style=\"color: #ffffff;\">&#8230; mojster grafike &#8230;<br \/>\n<\/span><\/h3>\n<p>[\/vc_column_text][vc_empty_space height=&#8221;15px&#8221;][vc_column_text]<span style=\"color: #ffffff;\">Likovna struktura njegovih grafik torej vsebuje prefinjeno \u010drtno modelacijo z brez\u0161tevilnimi vzporednimi in velikokrat valovitimi \u0161rafurami, kar ustvarja zavidljive teksturalne in plasti\u010dne u\u010dinke travnih, drevesnih, atmosferskih, urbanih in drugih veristi\u010dnih v grafiki prisotnih obmo\u010dij. Nasprotje med svetlimi koloriranimi in \u010drnimi sen\u010dnimi podro\u010dji u\u010dinkuje s pridihom prijetne dekorativnosti, a isto\u010dasno tudi dramati\u010dnosti, ki jo \u0161e bolj izrazito za\u010dutimo v motivih z elementi osamljenosti in tesnobe. \u010crni okvir, ki obdaja ve\u010dino grafik, deluje kot okno, skozi katerega zremo v tenko\u010dutne vzor\u010dne in intimizirane prostorske globine. V vsakem grafi\u010dnem odtisu prisotna \u010drna barva dolo\u010da pri tem tudi temeljno podlago kot osnovno in racionalno kompozicijsko konstrukcijo, akvarelna barva, ki dopolnjuje svetlobna obmo\u010dja, pa dolo\u010da lokalni ton razpoznavnih oblik, predvsem pa vna\u0161a v vsak grafi\u010dni odtis dodatno \u010dustveno in pomensko vzdu\u0161je. Pri akvareliranju grafi\u010dnih odtisov so uporabljeni toplo hladni barvni u\u010dinki, izhajajo\u010di iz prosojnih odtenkov primarnih in sekundarnih barv.<\/span>[\/vc_column_text]\t\t<\/div>\n\t<\/div>\n<\/div><div class=\"edgtf-elements-holder-item \" data-item-class=\"edgtf-elements-holder-custom-738869\" data-1280-1440=\"0% 15% 19% 0%\" data-1024-1280=\"0% 15% 19% 0%\" data-768-1024=\"0% 6% 13% 8.4%\" data-600-768=\"0% 13% 4% 11%\" data-480-600=\"0% 13% 4% 11%\" data-480=\"0% 12% 14% 12%\" >\n\t<div class=\"edgtf-elements-holder-item-inner\">\n\t\t<div class=\"edgtf-elements-holder-item-content edgtf-elements-holder-custom-738869\" style=\"padding: 0% 48% 19% 0%\">\n\t\t\t[vc_single_image image=&#8221;5023&#8243; img_size=&#8221;full&#8221;]\t\t<\/div>\n\t<\/div>\n<\/div><\/div>[\/vc_column][\/vc_row][vc_row][vc_column]<div class=\"edgtf-elements-holder edgtf-two-columns-grid-33-66 edgtf-responsive-mode-1024\" ><div class=\"edgtf-elements-holder-item \" data-item-class=\"edgtf-elements-holder-custom-832201\" data-1280-1440=\"8% 0% 34% 18.5%\" data-1024-1280=\"8% 0% 25% 11.5%\" data-768-1024=\"3% 6% 6% 8.5%\" data-600-768=\"16% 13% 4% 11%\" data-480-600=\"16% 13% 4% 11%\" data-480=\"9% 12% 14% 12%\" >\n\t<div class=\"edgtf-elements-holder-item-inner\">\n\t\t<div class=\"edgtf-elements-holder-item-content edgtf-elements-holder-custom-832201\" style=\"padding: 0% 0% 23% 47%\">\n\t\t\t[vc_single_image image=&#8221;5027&#8243; img_size=&#8221;full&#8221;]\t\t<\/div>\n\t<\/div>\n<\/div><div class=\"edgtf-elements-holder-item \" data-item-class=\"edgtf-elements-holder-custom-834284\" data-1280-1440=\"0% 15% 10% 11%\" data-1024-1280=\"0% 15% 10% 11%\" data-768-1024=\"0% 15% 13% 8.5%\" data-600-768=\"2% 13% 18% 11%\" data-480-600=\"2% 13% 18% 11%\" data-480=\"2% 17% 23% 11%\" >\n\t<div class=\"edgtf-elements-holder-item-inner\">\n\t\t<div class=\"edgtf-elements-holder-item-content edgtf-elements-holder-custom-834284\" style=\"padding: 0% 26% 10% 11%\">\n\t\t\t[vc_column_text]<\/p>\n<h3><span style=\"color: #ffffff;\">Miha Eri\u010d sinonim ustvarijalnosti.<\/span><\/h3>\n<p>[\/vc_column_text][vc_empty_space height=&#8221;15px&#8221;][vc_column_text]<span style=\"color: #ffffff;\">Miha Eri\u010d je zelo ustvarjalen likovnik, saj je v zadnjih treh letih ustvaril okoli 120 razli\u010dnih grafik. V vsaki od njih je opazna manj\u0161a ali ve\u010dja povezanost s prvotiski oz. inkunabulami, ilustracijo, surrealizmom, ekspresivnim preoblikovanjem dolo\u010denih motivov, kot tudi z interpretacijo imaginarnega in celo pravlji\u010dnega sveta. V svojih motivih avtor uporablja veliko prostorskih planov, s pomo\u010djo katerih ustvarja iluzijo globin, v katere se izgubljajo samotne ceste in poti. V njih je tudi prisotno primarno avtorjevo ob\u010dudovanje in poveli\u010devanje lepote narave in urbanega sveta, v nekaterih primerih pa tudi ob\u010dutenje destrukcije in apokalipse. To razliko nakazuje \u017ee s poimenovanjem posameznih likovnih del, kot npr. : Jesenska balada, Bo\u017eja ti\u0161ina, Moja de\u017eela, Od Stareta do Pece, Pot spominov, \u0160umahova pot itd. na eni, ali pa Duhovi neke vojne, Zlomljena dimenzija \u010dlove\u0161tva, Bogovi so padli na Zemljo, Mesto prekletih, Drobtine samote, Izven okvirja, Nedotakljivi in ladja duhov itd. na drugi strani. Zaradi te motivne razli\u010dnosti za\u010dutimo dimenzijo ustvarjalnosti avtorja, ki reagira na inspiracije, odvisne tudi od posameznega trenutnega ob\u010dutenja realnosti, kar \u0161e posebej ponazarjajo nekateri motivi slovenskih krajev ali posameznih stavb, kot npr.: Nabre\u017eje \u2013 trilogija, Trg Me\u017eica, Mlin, Narodni dom Me\u017eica, Grad Puk\u0161tajn, Pri\u010dnik v marcu, Lesena trdnjava, Sveti Pankracij nad Starim trgom, \u010crpalka, Avtobusna postaja itd.<\/span>[\/vc_column_text]\t\t<\/div>\n\t<\/div>\n<\/div><\/div>[\/vc_column][\/vc_row][vc_row][vc_column]<div class=\"edgtf-elements-holder edgtf-two-columns-grid-66-33 edgtf-responsive-mode-1024\" ><div class=\"edgtf-elements-holder-item \" data-item-class=\"edgtf-elements-holder-custom-733890\" data-1280-1440=\"7% 13% 15% 9.5%\" data-1024-1280=\"7% 13% 15% 6.5%\" data-768-1024=\"0% 13% 7% 8.5%\" data-600-768=\"0% 13% 7% 11%\" data-480-600=\"0% 13% 7% 11%\" data-480=\"2% 12% 20% 11%\" >\n\t<div class=\"edgtf-elements-holder-item-inner\">\n\t\t<div class=\"edgtf-elements-holder-item-content edgtf-elements-holder-custom-733890\" style=\"padding: 7% 13% 15% 23.5%\">\n\t\t\t[vc_column_text]<\/p>\n<h3><span style=\"color: #ffffff;\">&#8230;ko svoboda sre\u010da ustvarjalnost.<\/span><\/h3>\n<p>[\/vc_column_text][vc_empty_space height=&#8221;15px&#8221;][vc_column_text]<span style=\"color: #ffffff;\">Grafike Mihe Eri\u010da izra\u017eajo neobi\u010dajno svobodo in neobremenjenost v interpretaciji njegovega osebnega pogleda na svet, zato so v dana\u0161njem \u010dasu okoljevarstvene problematike in \u017eelje po vra\u010danju k naravi \u0161e posebej aktualni. Svoje svobodno izra\u017eanje dopolnjuje avtor tudi s spro\u0161\u010denim in neobi\u010dajnim podpisovanjem posameznih grafi\u010dnih odtisov, zlasti manj\u0161ih formatov, kot tudi z uporabo grafi\u010dnih matric nekonvencionalnih oblik.<br \/>\nS svojim druga\u010dnim pristopom do grafi\u010dnega medija dodaja Miha Eri\u010d slovenski likovni ustvarjalnosti svojstven doprinos. Njegova samobitna in pokon\u010dna avtorska dr\u017ea, \u010dlove\u0161ka preprostost in toplina, ustvarjalna svoboda, originalnost in delovna vnema pa so navdihujo\u010de, zgledne in zelo obetavne lastnosti.<\/span>[\/vc_column_text]\t\t<\/div>\n\t<\/div>\n<\/div><div class=\"edgtf-elements-holder-item \" data-item-class=\"edgtf-elements-holder-custom-432468\" data-1280-1440=\"0% 15% 19% 0%\" data-1024-1280=\"0% 15% 19% 0%\" data-768-1024=\"0% 6% 13% 8.4%\" data-600-768=\"0% 13% 4% 11%\" data-480-600=\"0% 13% 4% 11%\" data-480=\"0% 12% 14% 12%\" >\n\t<div class=\"edgtf-elements-holder-item-inner\">\n\t\t<div class=\"edgtf-elements-holder-item-content edgtf-elements-holder-custom-432468\" style=\"padding: 0% 48% 19% 0%\">\n\t\t\t[vc_single_image image=&#8221;5025&#8243; img_size=&#8221;full&#8221;]\t\t<\/div>\n\t<\/div>\n<\/div><\/div>[\/vc_column][\/vc_row][vc_row][vc_column]<div class=\"edgtf-boxed-icons clearfix edgtf-bi-8-columns\"><div class=\"edgtf-boxed-icon-holder\" style=\"background-color:#0d0d0d\">\n\t<div class=\"edgtf-boxed-icon\">\n\t\t\t\t\t<a href=\"https:\/\/www.instagram.com\/miha_eric_art\/\" target=\"_blank\">\n\t\t\t\t\t<div class=\"edgtf-boxed-icon-inner\">\n\t\t\t\t\t\t\t\t\t\n    <span class=\"edgtf-icon-shortcode normal\"  data-hover-color=\"#ffffff\" data-color=\"#5a5a5a\">\n        \n        <i class=\"edgtf-icon-font-awesome fa fa-instagram edgtf-icon-element\" style=\"color: #5a5a5a;font-size:59px\" ><\/i>\n            <\/span>\n\n\t\t\t\t\t\t\t\t\t\t\t\t\t<span class=\"edgtf-boxed-icon-title\" >Instagram<\/span>\n\t\t\t\t\t\t\t<\/div>\n\t\t\t\t\t<\/a>\n\t\t\t<\/div>\n<\/div><div class=\"edgtf-boxed-icon-holder\" style=\"background-color:#0d0d0d\">\n\t<div class=\"edgtf-boxed-icon\">\n\t\t\t\t\t<a href=\"https:\/\/soundcloud.com\/mike_the_blues_man\" target=\"_blank\">\n\t\t\t\t\t<div class=\"edgtf-boxed-icon-inner\">\n\t\t\t\t\t\t\t\t\t\n    <span class=\"edgtf-icon-shortcode normal\"  data-hover-color=\"#ffffff\" data-color=\"#5a5a5a\">\n        \n        <i class=\"edgtf-icon-font-awesome fa fa-soundcloud edgtf-icon-element\" style=\"color: #5a5a5a;font-size:57px\" ><\/i>\n            <\/span>\n\n\t\t\t\t\t\t\t\t\t\t\t\t\t<span class=\"edgtf-boxed-icon-title\" >Soundcloud<\/span>\n\t\t\t\t\t\t\t<\/div>\n\t\t\t\t\t<\/a>\n\t\t\t<\/div>\n<\/div><div class=\"edgtf-boxed-icon-holder\" style=\"background-color:#252525\">\n\t<div class=\"edgtf-boxed-icon\">\n\t\t\t\t\t<a href=\"https:\/\/www.youtube.com\/channel\/UCy38rQ1R9xUnVtvKAuI9iVw\" target=\"_blank\">\n\t\t\t\t\t<div class=\"edgtf-boxed-icon-inner\">\n\t\t\t\t\t\t\t\t\t\n    <span class=\"edgtf-icon-shortcode normal\"  data-hover-color=\"#ffffff\" data-color=\"#5a5a5a\">\n        \n        <i class=\"edgtf-icon-font-awesome fa fa-youtube-play edgtf-icon-element\" style=\"color: #5a5a5a;font-size:59px\" ><\/i>\n            <\/span>\n\n\t\t\t\t\t\t\t\t\t\t\t\t\t<span class=\"edgtf-boxed-icon-title\" >Youtube<\/span>\n\t\t\t\t\t\t\t<\/div>\n\t\t\t\t\t<\/a>\n\t\t\t<\/div>\n<\/div><div class=\"edgtf-boxed-icon-holder\" style=\"background-color:#0d0d0d\">\n\t<div class=\"edgtf-boxed-icon\">\n\t\t\t\t\t<a href=\"https:\/\/www.facebook.com\/MihaEricArt\/\" target=\"_blank\">\n\t\t\t\t\t<div class=\"edgtf-boxed-icon-inner\">\n\t\t\t\t\t\t\t\t\t\n    <span class=\"edgtf-icon-shortcode normal\"  data-hover-color=\"#ffffff\" data-color=\"#5a5a5a\">\n        \n        <i class=\"edgtf-icon-font-awesome fa fa-facebook edgtf-icon-element\" style=\"color: #5a5a5a;font-size:59px\" ><\/i>\n            <\/span>\n\n\t\t\t\t\t\t\t\t\t\t\t\t\t<span class=\"edgtf-boxed-icon-title\" >Facebook<\/span>\n\t\t\t\t\t\t\t<\/div>\n\t\t\t\t\t<\/a>\n\t\t\t<\/div>\n<\/div><div class=\"edgtf-boxed-icon-holder\" style=\"background-color:#252525\">\n\t<div class=\"edgtf-boxed-icon\">\n\t\t\t\t\t<a href=\"https:\/\/fineartamerica.com\/profiles\/miha-eric\" target=\"_blank\">\n\t\t\t\t\t<div class=\"edgtf-boxed-icon-inner\">\n\t\t\t\t\t\t\t\t\t\n    <span class=\"edgtf-icon-shortcode normal\"  data-hover-color=\"#ffffff\" data-color=\"#5a5a5a\">\n        \n        <i class=\"edgtf-icon-simple-line-icon icon-eye edgtf-icon-element\" style=\"color: #5a5a5a;font-size:54px\" ><\/i>\n            <\/span>\n\n\t\t\t\t\t\t\t\t\t\t\t\t\t<span class=\"edgtf-boxed-icon-title\" >Fine Art America<\/span>\n\t\t\t\t\t\t\t<\/div>\n\t\t\t\t\t<\/a>\n\t\t\t<\/div>\n<\/div><div class=\"edgtf-boxed-icon-holder\" style=\"background-color:#0d0d0d\">\n\t<div class=\"edgtf-boxed-icon\">\n\t\t\t\t\t<a href=\"https:\/\/www.saatchiart.com\/account\/profile\/1463101\" target=\"_blank\">\n\t\t\t\t\t<div class=\"edgtf-boxed-icon-inner\">\n\t\t\t\t\t\t\t\t\t\n    <span class=\"edgtf-icon-shortcode normal\"  data-hover-color=\"#ffffff\" data-color=\"#5a5a5a\">\n        \n        <i class=\"edgtf-icon-simple-line-icon icon-camera edgtf-icon-element\" style=\"color: #5a5a5a;font-size:54px\" ><\/i>\n            <\/span>\n\n\t\t\t\t\t\t\t\t\t\t\t\t\t<span class=\"edgtf-boxed-icon-title\" >Saatchi Art<\/span>\n\t\t\t\t\t\t\t<\/div>\n\t\t\t\t\t<\/a>\n\t\t\t<\/div>\n<\/div><\/div>[\/vc_column][\/vc_row]<\/p>\n","protected":false},"excerpt":{"rendered":"<p>[vc_row row_type=&#8221;parallax&#8221; content_width=&#8221;grid&#8221; content_aligment=&#8221;center&#8221; full_screen_section_height=&#8221;yes&#8221; vertically_align_content_in_middle=&#8221;yes&#8221; parallax_background_image=&#8221;4947&#8243;][vc_column][\/vc_column][\/vc_row][vc_row][vc_column][\/vc_column][\/vc_row][vc_row][vc_column][\/vc_column][\/vc_row][vc_row][vc_column][\/vc_column][\/vc_row][vc_row][vc_column][\/vc_column][\/vc_row][vc_row][vc_column][\/vc_column][\/vc_row][vc_row][vc_column][\/vc_column][\/vc_row]<\/p>\n","protected":false},"author":1,"featured_media":0,"parent":0,"menu_order":0,"comment_status":"closed","ping_status":"closed","template":"full-width.php","meta":{"footnotes":""},"class_list":["post-1865","page","type-page","status-publish","hentry"],"yoast_head":"<!-- This site is optimized with the Yoast SEO plugin v22.2 - https:\/\/yoast.com\/wordpress\/plugins\/seo\/ -->\n<title>O meni - Likovna umetnost<\/title>\n<meta name=\"description\" content=\"o meni miha eri\u010d\" \/>\n<meta name=\"robots\" content=\"index, follow, max-snippet:-1, max-image-preview:large, max-video-preview:-1\" \/>\n<link rel=\"canonical\" href=\"https:\/\/miha-eric-art.com\/fine-art\/o-meni\/\" \/>\n<meta property=\"og:locale\" content=\"sl_SI\" \/>\n<meta property=\"og:type\" content=\"article\" \/>\n<meta property=\"og:title\" content=\"O meni - Likovna umetnost\" \/>\n<meta property=\"og:description\" content=\"o meni miha eri\u010d\" \/>\n<meta property=\"og:url\" content=\"https:\/\/miha-eric-art.com\/fine-art\/o-meni\/\" \/>\n<meta property=\"og:site_name\" content=\"Likovna umetnost\" \/>\n<meta property=\"article:modified_time\" content=\"2021-06-16T08:01:41+00:00\" \/>\n<meta name=\"twitter:card\" content=\"summary_large_image\" \/>\n<meta name=\"twitter:label1\" content=\"Est. reading time\" \/>\n\t<meta name=\"twitter:data1\" content=\"5 minut\" \/>\n<script type=\"application\/ld+json\" class=\"yoast-schema-graph\">{\"@context\":\"https:\/\/schema.org\",\"@graph\":[{\"@type\":\"WebPage\",\"@id\":\"https:\/\/miha-eric-art.com\/fine-art\/o-meni\/\",\"url\":\"https:\/\/miha-eric-art.com\/fine-art\/o-meni\/\",\"name\":\"O meni - Likovna umetnost\",\"isPartOf\":{\"@id\":\"https:\/\/miha-eric-art.com\/fine-art\/#website\"},\"datePublished\":\"2016-10-03T08:59:08+00:00\",\"dateModified\":\"2021-06-16T08:01:41+00:00\",\"description\":\"o meni miha eri\u010d\",\"breadcrumb\":{\"@id\":\"https:\/\/miha-eric-art.com\/fine-art\/o-meni\/#breadcrumb\"},\"inLanguage\":\"sl-SI\",\"potentialAction\":[{\"@type\":\"ReadAction\",\"target\":[\"https:\/\/miha-eric-art.com\/fine-art\/o-meni\/\"]}]},{\"@type\":\"BreadcrumbList\",\"@id\":\"https:\/\/miha-eric-art.com\/fine-art\/o-meni\/#breadcrumb\",\"itemListElement\":[{\"@type\":\"ListItem\",\"position\":1,\"name\":\"Home\",\"item\":\"https:\/\/miha-eric-art.com\/fine-art\/\"},{\"@type\":\"ListItem\",\"position\":2,\"name\":\"O meni\"}]},{\"@type\":\"WebSite\",\"@id\":\"https:\/\/miha-eric-art.com\/fine-art\/#website\",\"url\":\"https:\/\/miha-eric-art.com\/fine-art\/\",\"name\":\"Likovna umetnost\",\"description\":\"Just another Miha Eri\u010d Art Sites site\",\"potentialAction\":[{\"@type\":\"SearchAction\",\"target\":{\"@type\":\"EntryPoint\",\"urlTemplate\":\"https:\/\/miha-eric-art.com\/fine-art\/?s={search_term_string}\"},\"query-input\":\"required name=search_term_string\"}],\"inLanguage\":\"sl-SI\"}]}<\/script>\n<!-- \/ Yoast SEO plugin. -->","yoast_head_json":{"title":"O meni - Likovna umetnost","description":"o meni miha eri\u010d","robots":{"index":"index","follow":"follow","max-snippet":"max-snippet:-1","max-image-preview":"max-image-preview:large","max-video-preview":"max-video-preview:-1"},"canonical":"https:\/\/miha-eric-art.com\/fine-art\/o-meni\/","og_locale":"sl_SI","og_type":"article","og_title":"O meni - Likovna umetnost","og_description":"o meni miha eri\u010d","og_url":"https:\/\/miha-eric-art.com\/fine-art\/o-meni\/","og_site_name":"Likovna umetnost","article_modified_time":"2021-06-16T08:01:41+00:00","twitter_card":"summary_large_image","twitter_misc":{"Est. reading time":"5 minut"},"schema":{"@context":"https:\/\/schema.org","@graph":[{"@type":"WebPage","@id":"https:\/\/miha-eric-art.com\/fine-art\/o-meni\/","url":"https:\/\/miha-eric-art.com\/fine-art\/o-meni\/","name":"O meni - Likovna umetnost","isPartOf":{"@id":"https:\/\/miha-eric-art.com\/fine-art\/#website"},"datePublished":"2016-10-03T08:59:08+00:00","dateModified":"2021-06-16T08:01:41+00:00","description":"o meni miha eri\u010d","breadcrumb":{"@id":"https:\/\/miha-eric-art.com\/fine-art\/o-meni\/#breadcrumb"},"inLanguage":"sl-SI","potentialAction":[{"@type":"ReadAction","target":["https:\/\/miha-eric-art.com\/fine-art\/o-meni\/"]}]},{"@type":"BreadcrumbList","@id":"https:\/\/miha-eric-art.com\/fine-art\/o-meni\/#breadcrumb","itemListElement":[{"@type":"ListItem","position":1,"name":"Home","item":"https:\/\/miha-eric-art.com\/fine-art\/"},{"@type":"ListItem","position":2,"name":"O meni"}]},{"@type":"WebSite","@id":"https:\/\/miha-eric-art.com\/fine-art\/#website","url":"https:\/\/miha-eric-art.com\/fine-art\/","name":"Likovna umetnost","description":"Just another Miha Eri\u010d Art Sites site","potentialAction":[{"@type":"SearchAction","target":{"@type":"EntryPoint","urlTemplate":"https:\/\/miha-eric-art.com\/fine-art\/?s={search_term_string}"},"query-input":"required name=search_term_string"}],"inLanguage":"sl-SI"}]}},"_links":{"self":[{"href":"https:\/\/miha-eric-art.com\/fine-art\/wp-json\/wp\/v2\/pages\/1865","targetHints":{"allow":["GET"]}}],"collection":[{"href":"https:\/\/miha-eric-art.com\/fine-art\/wp-json\/wp\/v2\/pages"}],"about":[{"href":"https:\/\/miha-eric-art.com\/fine-art\/wp-json\/wp\/v2\/types\/page"}],"author":[{"embeddable":true,"href":"https:\/\/miha-eric-art.com\/fine-art\/wp-json\/wp\/v2\/users\/1"}],"replies":[{"embeddable":true,"href":"https:\/\/miha-eric-art.com\/fine-art\/wp-json\/wp\/v2\/comments?post=1865"}],"version-history":[{"count":50,"href":"https:\/\/miha-eric-art.com\/fine-art\/wp-json\/wp\/v2\/pages\/1865\/revisions"}],"predecessor-version":[{"id":5014,"href":"https:\/\/miha-eric-art.com\/fine-art\/wp-json\/wp\/v2\/pages\/1865\/revisions\/5014"}],"wp:attachment":[{"href":"https:\/\/miha-eric-art.com\/fine-art\/wp-json\/wp\/v2\/media?parent=1865"}],"curies":[{"name":"wp","href":"https:\/\/api.w.org\/{rel}","templated":true}]}}