{"id":8831,"date":"2020-09-04T18:35:26","date_gmt":"2020-09-04T18:35:26","guid":{"rendered":"https:\/\/miha-eric-art.com\/music\/?post_type=product&#038;p=8831"},"modified":"2021-06-09T17:59:33","modified_gmt":"2021-06-09T17:59:33","slug":"pri-stari-kosti-rocno-barvani-lesorez-2019","status":"publish","type":"product","link":"https:\/\/miha-eric-art.com\/music\/product\/pri-stari-kosti-rocno-barvani-lesorez-2019\/","title":{"rendered":"Pri stari kosti, ro\u010dno barvani lesorez 2019"},"content":{"rendered":"<p>18 x 17.5 cm (matrica)<br \/>\nAt the old Bone Tavern, hand coloured woodcut 2019 18 x 17.5 cm (matrix)<br \/>\nro\u010dno barvan lesorez<\/p>\n","protected":false},"excerpt":{"rendered":"<p>18 x 17.5 cm (matrica) At the old Bone Tavern, hand coloured woodcut 2019 18 x 17.5 cm (matrix) ro\u010dno barvan lesorez<\/p>\n","protected":false},"featured_media":8789,"comment_status":"open","ping_status":"closed","template":"","meta":[],"product_cat":[168,160],"product_tag":[196,195,193,197,194,181,191,183,184,189,192],"class_list":{"0":"post-8831","1":"product","2":"type-product","3":"status-publish","4":"has-post-thumbnail","6":"product_cat-grafike","7":"product_cat-lesorez","8":"product_tag-art-eric","9":"product_tag-eric","10":"product_tag-eric-miha-art","11":"product_tag-fantazija","12":"product_tag-fine-art-eric","13":"product_tag-grafika","14":"product_tag-leosrez","15":"product_tag-miha-eric","16":"product_tag-miha-eric-art","17":"product_tag-rocno-delo","18":"product_tag-woodcut","19":"edgtf-single-product-wrapper-top","21":"first","22":"instock","23":"taxable","24":"shipping-taxable","25":"purchasable","26":"product-type-simple"},"yoast_head":"<!-- This site is optimized with the Yoast SEO plugin v22.2 - https:\/\/yoast.com\/wordpress\/plugins\/seo\/ -->\n<title>Pri stari kosti, ro\u010dno barvani lesorez 2019 - Music<\/title>\n<meta name=\"description\" content=\"Ro\u010dno barvan lesorez &#039;pri stari kosti&#039; avtor Miha Eri\u010d.\" \/>\n<meta name=\"robots\" content=\"index, follow, max-snippet:-1, max-image-preview:large, max-video-preview:-1\" \/>\n<link rel=\"canonical\" href=\"https:\/\/miha-eric-art.com\/music\/product\/pri-stari-kosti-rocno-barvani-lesorez-2019\/\" \/>\n<meta property=\"og:locale\" content=\"en_US\" \/>\n<meta property=\"og:type\" content=\"article\" \/>\n<meta property=\"og:title\" content=\"Pri stari kosti, ro\u010dno barvani lesorez 2019 - Music\" \/>\n<meta property=\"og:description\" content=\"Ro\u010dno barvan lesorez &#039;pri stari kosti&#039; avtor Miha Eri\u010d.\" \/>\n<meta property=\"og:url\" content=\"https:\/\/miha-eric-art.com\/music\/product\/pri-stari-kosti-rocno-barvani-lesorez-2019\/\" \/>\n<meta property=\"og:site_name\" content=\"Music\" \/>\n<meta property=\"article:modified_time\" content=\"2021-06-09T17:59:33+00:00\" \/>\n<meta property=\"og:image\" content=\"https:\/\/miha-eric-art.com\/music\/wp-content\/uploads\/sites\/3\/2020\/09\/51-\u2013-Pri-stari-kosti-rocno-barvani-lesorez-2019.jpg\" \/>\n\t<meta property=\"og:image:width\" content=\"1570\" \/>\n\t<meta property=\"og:image:height\" content=\"1763\" \/>\n\t<meta property=\"og:image:type\" content=\"image\/jpeg\" \/>\n<meta name=\"twitter:card\" content=\"summary_large_image\" \/>\n<meta name=\"twitter:label1\" content=\"Est. reading time\" \/>\n\t<meta name=\"twitter:data1\" content=\"1 minute\" \/>\n<script type=\"application\/ld+json\" class=\"yoast-schema-graph\">{\"@context\":\"https:\/\/schema.org\",\"@graph\":[{\"@type\":\"WebPage\",\"@id\":\"https:\/\/miha-eric-art.com\/music\/product\/pri-stari-kosti-rocno-barvani-lesorez-2019\/\",\"url\":\"https:\/\/miha-eric-art.com\/music\/product\/pri-stari-kosti-rocno-barvani-lesorez-2019\/\",\"name\":\"Pri stari kosti, ro\u010dno barvani lesorez 2019 - Music\",\"isPartOf\":{\"@id\":\"https:\/\/miha-eric-art.com\/music\/#website\"},\"primaryImageOfPage\":{\"@id\":\"https:\/\/miha-eric-art.com\/music\/product\/pri-stari-kosti-rocno-barvani-lesorez-2019\/#primaryimage\"},\"image\":{\"@id\":\"https:\/\/miha-eric-art.com\/music\/product\/pri-stari-kosti-rocno-barvani-lesorez-2019\/#primaryimage\"},\"thumbnailUrl\":\"https:\/\/miha-eric-art.com\/music\/wp-content\/uploads\/sites\/3\/2020\/09\/51-\u2013-Pri-stari-kosti-rocno-barvani-lesorez-2019.jpg\",\"datePublished\":\"2020-09-04T18:35:26+00:00\",\"dateModified\":\"2021-06-09T17:59:33+00:00\",\"description\":\"Ro\u010dno barvan lesorez 'pri stari kosti' avtor Miha Eri\u010d.\",\"breadcrumb\":{\"@id\":\"https:\/\/miha-eric-art.com\/music\/product\/pri-stari-kosti-rocno-barvani-lesorez-2019\/#breadcrumb\"},\"inLanguage\":\"en-US\",\"potentialAction\":[{\"@type\":\"ReadAction\",\"target\":[\"https:\/\/miha-eric-art.com\/music\/product\/pri-stari-kosti-rocno-barvani-lesorez-2019\/\"]}]},{\"@type\":\"ImageObject\",\"inLanguage\":\"en-US\",\"@id\":\"https:\/\/miha-eric-art.com\/music\/product\/pri-stari-kosti-rocno-barvani-lesorez-2019\/#primaryimage\",\"url\":\"https:\/\/miha-eric-art.com\/music\/wp-content\/uploads\/sites\/3\/2020\/09\/51-\u2013-Pri-stari-kosti-rocno-barvani-lesorez-2019.jpg\",\"contentUrl\":\"https:\/\/miha-eric-art.com\/music\/wp-content\/uploads\/sites\/3\/2020\/09\/51-\u2013-Pri-stari-kosti-rocno-barvani-lesorez-2019.jpg\",\"width\":1570,\"height\":1763},{\"@type\":\"BreadcrumbList\",\"@id\":\"https:\/\/miha-eric-art.com\/music\/product\/pri-stari-kosti-rocno-barvani-lesorez-2019\/#breadcrumb\",\"itemListElement\":[{\"@type\":\"ListItem\",\"position\":1,\"name\":\"Home\",\"item\":\"https:\/\/miha-eric-art.com\/music\/\"},{\"@type\":\"ListItem\",\"position\":2,\"name\":\"Shop\",\"item\":\"https:\/\/miha-eric-art.com\/music\/shop\/\"},{\"@type\":\"ListItem\",\"position\":3,\"name\":\"Pri stari kosti, ro\u010dno barvani lesorez 2019\"}]},{\"@type\":\"WebSite\",\"@id\":\"https:\/\/miha-eric-art.com\/music\/#website\",\"url\":\"https:\/\/miha-eric-art.com\/music\/\",\"name\":\"Music\",\"description\":\"MIha Eri\u010d Music\",\"potentialAction\":[{\"@type\":\"SearchAction\",\"target\":{\"@type\":\"EntryPoint\",\"urlTemplate\":\"https:\/\/miha-eric-art.com\/music\/?s={search_term_string}\"},\"query-input\":\"required name=search_term_string\"}],\"inLanguage\":\"en-US\"}]}<\/script>\n<!-- \/ Yoast SEO plugin. -->","yoast_head_json":{"title":"Pri stari kosti, ro\u010dno barvani lesorez 2019 - Music","description":"Ro\u010dno barvan lesorez 'pri stari kosti' avtor Miha Eri\u010d.","robots":{"index":"index","follow":"follow","max-snippet":"max-snippet:-1","max-image-preview":"max-image-preview:large","max-video-preview":"max-video-preview:-1"},"canonical":"https:\/\/miha-eric-art.com\/music\/product\/pri-stari-kosti-rocno-barvani-lesorez-2019\/","og_locale":"en_US","og_type":"article","og_title":"Pri stari kosti, ro\u010dno barvani lesorez 2019 - Music","og_description":"Ro\u010dno barvan lesorez 'pri stari kosti' avtor Miha Eri\u010d.","og_url":"https:\/\/miha-eric-art.com\/music\/product\/pri-stari-kosti-rocno-barvani-lesorez-2019\/","og_site_name":"Music","article_modified_time":"2021-06-09T17:59:33+00:00","og_image":[{"width":1570,"height":1763,"url":"https:\/\/miha-eric-art.com\/music\/wp-content\/uploads\/sites\/3\/2020\/09\/51-\u2013-Pri-stari-kosti-rocno-barvani-lesorez-2019.jpg","type":"image\/jpeg"}],"twitter_card":"summary_large_image","twitter_misc":{"Est. reading time":"1 minute"},"schema":{"@context":"https:\/\/schema.org","@graph":[{"@type":"WebPage","@id":"https:\/\/miha-eric-art.com\/music\/product\/pri-stari-kosti-rocno-barvani-lesorez-2019\/","url":"https:\/\/miha-eric-art.com\/music\/product\/pri-stari-kosti-rocno-barvani-lesorez-2019\/","name":"Pri stari kosti, ro\u010dno barvani lesorez 2019 - Music","isPartOf":{"@id":"https:\/\/miha-eric-art.com\/music\/#website"},"primaryImageOfPage":{"@id":"https:\/\/miha-eric-art.com\/music\/product\/pri-stari-kosti-rocno-barvani-lesorez-2019\/#primaryimage"},"image":{"@id":"https:\/\/miha-eric-art.com\/music\/product\/pri-stari-kosti-rocno-barvani-lesorez-2019\/#primaryimage"},"thumbnailUrl":"https:\/\/miha-eric-art.com\/music\/wp-content\/uploads\/sites\/3\/2020\/09\/51-\u2013-Pri-stari-kosti-rocno-barvani-lesorez-2019.jpg","datePublished":"2020-09-04T18:35:26+00:00","dateModified":"2021-06-09T17:59:33+00:00","description":"Ro\u010dno barvan lesorez 'pri stari kosti' avtor Miha Eri\u010d.","breadcrumb":{"@id":"https:\/\/miha-eric-art.com\/music\/product\/pri-stari-kosti-rocno-barvani-lesorez-2019\/#breadcrumb"},"inLanguage":"en-US","potentialAction":[{"@type":"ReadAction","target":["https:\/\/miha-eric-art.com\/music\/product\/pri-stari-kosti-rocno-barvani-lesorez-2019\/"]}]},{"@type":"ImageObject","inLanguage":"en-US","@id":"https:\/\/miha-eric-art.com\/music\/product\/pri-stari-kosti-rocno-barvani-lesorez-2019\/#primaryimage","url":"https:\/\/miha-eric-art.com\/music\/wp-content\/uploads\/sites\/3\/2020\/09\/51-\u2013-Pri-stari-kosti-rocno-barvani-lesorez-2019.jpg","contentUrl":"https:\/\/miha-eric-art.com\/music\/wp-content\/uploads\/sites\/3\/2020\/09\/51-\u2013-Pri-stari-kosti-rocno-barvani-lesorez-2019.jpg","width":1570,"height":1763},{"@type":"BreadcrumbList","@id":"https:\/\/miha-eric-art.com\/music\/product\/pri-stari-kosti-rocno-barvani-lesorez-2019\/#breadcrumb","itemListElement":[{"@type":"ListItem","position":1,"name":"Home","item":"https:\/\/miha-eric-art.com\/music\/"},{"@type":"ListItem","position":2,"name":"Shop","item":"https:\/\/miha-eric-art.com\/music\/shop\/"},{"@type":"ListItem","position":3,"name":"Pri stari kosti, ro\u010dno barvani lesorez 2019"}]},{"@type":"WebSite","@id":"https:\/\/miha-eric-art.com\/music\/#website","url":"https:\/\/miha-eric-art.com\/music\/","name":"Music","description":"MIha Eri\u010d Music","potentialAction":[{"@type":"SearchAction","target":{"@type":"EntryPoint","urlTemplate":"https:\/\/miha-eric-art.com\/music\/?s={search_term_string}"},"query-input":"required name=search_term_string"}],"inLanguage":"en-US"}]}},"_links":{"self":[{"href":"https:\/\/miha-eric-art.com\/music\/wp-json\/wp\/v2\/product\/8831","targetHints":{"allow":["GET"]}}],"collection":[{"href":"https:\/\/miha-eric-art.com\/music\/wp-json\/wp\/v2\/product"}],"about":[{"href":"https:\/\/miha-eric-art.com\/music\/wp-json\/wp\/v2\/types\/product"}],"replies":[{"embeddable":true,"href":"https:\/\/miha-eric-art.com\/music\/wp-json\/wp\/v2\/comments?post=8831"}],"wp:featuredmedia":[{"embeddable":true,"href":"https:\/\/miha-eric-art.com\/music\/wp-json\/wp\/v2\/media\/8789"}],"wp:attachment":[{"href":"https:\/\/miha-eric-art.com\/music\/wp-json\/wp\/v2\/media?parent=8831"}],"wp:term":[{"taxonomy":"product_cat","embeddable":true,"href":"https:\/\/miha-eric-art.com\/music\/wp-json\/wp\/v2\/product_cat?post=8831"},{"taxonomy":"product_tag","embeddable":true,"href":"https:\/\/miha-eric-art.com\/music\/wp-json\/wp\/v2\/product_tag?post=8831"}],"curies":[{"name":"wp","href":"https:\/\/api.w.org\/{rel}","templated":true}]}}